{"id":932,"date":"2021-11-18T13:57:50","date_gmt":"2021-11-18T13:57:50","guid":{"rendered":"https:\/\/eu4culture.al\/thirrje-per-propozime\/"},"modified":"2023-07-31T10:40:01","modified_gmt":"2023-07-31T10:40:01","slug":"thirrja-e-pare-per-propozime","status":"publish","type":"page","link":"https:\/\/eu4culture.al\/sq\/thirrja-e-pare-per-propozime\/","title":{"rendered":"Thirrja e Par\u00eb p\u00ebr Propozime"},"content":{"rendered":"\n<br><br><br>\n\n\n\n<p class=\"has-text-align-center\">Aplikimet p\u00ebr Thirrjen e Par\u00eb p\u00ebr Propozime jan\u00eb mbyllur.<\/p>\n\n\n\n<div class=\"wp-block-group\"><div class=\"wp-block-group__inner-container is-layout-flow wp-block-group-is-layout-flow\">\n<p class=\"has-text-align-center\"><\/p>\n\n\n\n<br>\n\n\n\n<h3 class=\"wp-block-heading\" id=\"thirrja-e-pare-per-projekt-propozime-per-organizatat-jo-fitimprurese-cfp-02-2022\"><strong>Thirrja e Par\u00eb p\u00ebr Projekt-Propozime p\u00ebr Organizatat jo-Fitimprur\u00ebse<\/strong><br>(<strong>CFP 02-2022<\/strong>)<\/h3>\n<\/div><\/div>\n\n\n\n<p><\/p>\n\n\n\n<h4 class=\"wp-block-heading\" id=\"recraft-the-past-build-up-the-future\"><strong><em>Recraft the Past: Build up the Future<\/em><\/strong><\/h4>\n\n\n\n<h4 class=\"wp-block-heading\" id=\"recraft-the-past-build-up-the-future\"><br><\/h4>\n\n\n\n<ul class=\"wp-block-list\"><li>\u2714\u00a0\u00a0\u00a0\u00a0\u00a0 A jeni organizat\u00eb e shoq\u00ebris\u00eb civile (OSHC) q\u00eb k\u00ebrkon nj\u00eb m\u00ebnyr\u00eb p\u00ebr t\u00eb ndihmuar komunitetet t\u00eb rilidhen me objektet kulturore t\u00eb Shqip\u00ebris\u00eb?<\/li><\/ul>\n\n\n\n<p><\/p>\n\n\n\n<ul class=\"wp-block-list\"><li>\u2714\u00a0\u00a0\u00a0\u00a0\u00a0 Jeni nj\u00eb grup artizan\u00ebsh q\u00eb frym\u00ebzoheni nga monumentet e trash\u00ebgimis\u00eb kulturore pran\u00eb jush?<\/li><\/ul>\n\n\n\n<p><\/p>\n\n\n\n<ul class=\"wp-block-list\"><li>\u2714\u00a0\u00a0\u00a0\u00a0\u00a0 Si operator turistik, a po b\u00ebni mjaftuesh\u00ebm p\u00ebr t\u00eb promovuar trash\u00ebgimin\u00eb kulturore t\u00eb Shqip\u00ebris\u00eb?<\/li><\/ul>\n\n\n\n<p><\/p>\n\n\n\n<ul class=\"wp-block-list\"><li>\u2714\u00a0\u00a0\u00a0\u00a0\u00a0 Si Organizat\u00eb e Biznesit Social, a keni p\u00ebr q\u00ebllim t\u00eb fuqizoni komunitetet dhe t\u00eb promovoni p\u00ebrfshirjen sociale?<\/li><\/ul>\n\n\n\n<p><\/p>\n\n\n\n<ul class=\"wp-block-list\"><li>\u2714\u00a0\u00a0\u00a0\u00a0\u00a0 Si qend\u00ebr inovacioni n\u00eb kultur\u00eb, biznes apo turiz\u00ebm, a po promovoni krijimtarin\u00eb dhe nxitni risit\u00eb p\u00ebrmes trash\u00ebgimis\u00eb kulturore?<\/li><\/ul>\n\n\n\n<p><\/p>\n\n\n\n<p>N\u00ebse p\u00ebrgjigjja \u00ebsht\u00eb po, kjo mund\u00ebsi \u00ebsht\u00eb p\u00ebr ju.<\/p>\n\n\n\n<p><\/p>\n\n\n\n<p><\/p>\n\n\n\n<p>UNOPS shpall Thirrjen e Par\u00eb Publike p\u00ebr Projekt-Propozime p\u00ebr Organizatat jo-Fitimprur\u00ebse. Kjo thirrje synon t\u00eb promovoj\u00eb e t\u00eb mb\u00ebshtes\u00eb fuqizimin social dhe ekonomik t\u00eb komuniteteve&nbsp; duke modeluar dhe nxitur partneritete nd\u00ebrmjet aktor\u00ebve vendor\u00eb dhe komb\u00ebtar\u00eb t\u00eb zhvillimit t\u00eb shoq\u00ebris\u00eb civile q\u00eb veprojn\u00eb n\u00eb zonat af\u00ebr monumenteve t\u00eb trash\u00ebgimis\u00eb kulturore, krahas institucioneve publike dhe akademike.<\/p>\n\n\n\n<p>N\u00ebp\u00ebrmjet k\u00ebsaj Thirrjeje p\u00ebr Projekt-Propozime, programi EU4Culture do t\u00eb financoj\u00eb projektet q\u00eb do t\u00eb zbatohen n\u00eb bashkit\u00eb <strong>Durr\u00ebs, Kavaj\u00eb, Rrogozhin\u00eb dhe Kruj\u00eb<\/strong> nga organizatat e shoq\u00ebris\u00eb civile, p\u00ebrfshir\u00eb OJF-t\u00eb e zhvillimit vendor dhe komunitar. Projektet e financuara do t\u00eb p\u00ebrqendrohen n\u00eb veprime q\u00eb synojn\u00eb t\u00eb p\u00ebrmbushin k\u00ebto objektiva:<\/p>\n\n\n\n<ol class=\"wp-block-list\" type=\"1\"><li><strong>Krijimi dhe zhvillimi i mund\u00ebsive t\u00eb rritjes soci<\/strong><strong>al<\/strong><strong>-ekonomike p\u00ebr komunitetet <\/strong><strong>vendore <\/strong>duke krijuar lidhje t\u00eb q\u00ebndrueshme midis organizatave q\u00eb operojn\u00eb n\u00eb sektor\u00ebt kulturor\u00eb dhe krijues pran\u00eb objekteve t\u00eb trash\u00ebgimis\u00eb kulturore dhe n\u00ebp\u00ebrmjet formave inovative t\u00eb nj\u00eb turizmi q\u00eb \u00ebsht\u00eb miq\u00ebsor ndaj mjedisit.<strong><\/strong><\/li><\/ol>\n\n\n\n<ol class=\"wp-block-list\" type=\"1\" start=\"2\"><li><strong>Rritja dhe forcimi i nd\u00ebrgjegj\u00ebsimit publik dhe institucional mbi rolin e trash\u00ebgimis\u00eb kulturore<\/strong> si nj\u00eb shtys\u00eb p\u00ebr zhvillimin e q\u00ebndruesh\u00ebm social-ekonomik duke promovuar modele rritjeje q\u00eb tregojn\u00eb kujdes p\u00ebr p\u00ebrfshirjen sociale dhe barazin\u00eb gjinore.<\/li><\/ol>\n\n\n\n<p><strong><u>Financimi:<\/u><\/strong><\/p>\n\n\n\n<p>Projektet e miratuara do t\u00eb marrin financime nga 30,000 deri n\u00eb 60,000 USD. Periudha e zbatimit t\u00eb projekteve t\u00eb p\u00ebrzgjedhura do t\u00eb zgjas\u00eb nga gjasht\u00eb deri n\u00eb dymb\u00ebdhjet\u00eb muaj, duke synuar si dat\u00eb fillimi muajin maj 2022.<\/p>\n\n\n\n<p><strong><u>Kriteret p\u00ebr pjes\u00ebmarrjen n\u00eb program:<\/u><\/strong><\/p>\n\n\n\n<p><strong>Subjektet e regjistruara si jofitimprur\u00ebse, n\u00eb p\u00ebrputhje me ligjet n\u00eb fuqi t\u00eb Republik\u00ebs s\u00eb Shqip\u00ebris\u00eb, si organizata jofitimiprur\u00ebse, kan\u00eb mund\u00ebsi t\u00eb aplikojn\u00eb.<\/strong><\/p>\n\n\n\n<p><strong>K\u00ebtu p\u00ebrfshihen, por nuk kufizohen vet\u00ebm n\u00eb, organizata ose shoqata q\u00eb operojn\u00eb n\u00eb Sektor\u00ebt e Kultur\u00ebs dhe Krijimit me OJQ t\u00eb tjera jofitimprur\u00ebse si :<\/strong><\/p>\n\n\n\n<p><strong>&nbsp;&nbsp; \u2714 Organizatat e shoq\u00ebris\u00eb civile (OSHC)<\/strong><strong><\/strong><\/p>\n\n\n\n<p><strong>&nbsp;&nbsp; \u2714Shoqatat e artizan\u00ebve<\/strong><strong><\/strong><\/p>\n\n\n\n<p><strong>&nbsp;&nbsp; \u2714 Shoqatat e operator\u00ebve turistik\u00eb<\/strong><strong><\/strong><\/p>\n\n\n\n<p><strong>&nbsp;&nbsp; \u2714 Shoqatat e biznesit<\/strong><strong><\/strong><\/p>\n\n\n\n<p><strong>&nbsp;&nbsp; \u2714 Organizatat e biznesit social<\/strong><strong><\/strong><\/p>\n\n\n\n<p><strong>&nbsp;&nbsp; \u2714Qendrat dhe laborator\u00ebt e inovacionit t\u00eb kultur\u00ebs, biznesit dhe turizmit (vet\u00ebm kur regjistrohen si jofitimprur\u00ebse),<\/strong><\/p>\n\n\n\n<p><strong>&nbsp;&nbsp;&nbsp; \u2714Institutet K\u00ebrkimore dhe Qendrat Akademike (vet\u00ebm kur regjistrohen si jofitimprur\u00ebse)<\/strong><strong><\/strong><\/p>\n\n\n\n<hr class=\"wp-block-separator\"\/>\n\n\n\n<div class=\"wp-block-group\"><div class=\"wp-block-group__inner-container is-layout-flow wp-block-group-is-layout-flow\">\n<div class=\"default-button\">Procedura e Aplikimit:<\/div>\n<\/div><\/div>\n\n\n\n<p><\/p>\n\n\n\n<p>Periudha e aplikimit ishte e hapur nga <strong>data 8 Shkurt 2022 deri m\u00eb 15 mars 2022.<\/strong> Projekt propozimet (dokumentacioni i k\u00ebrkuar i renditur m\u00eb posht\u00eb) duhet t\u00eb dor\u00ebzohen n\u00eb m\u00ebnyr\u00eb elektronike n\u00eb zyr\u00ebn e UNOPS-it n\u00eb Tiran\u00eb n\u00eb adres\u00ebn <a href=\"mailto:grants.albania@unops.org\">grants.albania@unops.org.<\/a> <strong>Vet\u00ebm aplikimet e dor\u00ebzuara n\u00eb gjuh\u00ebn angleze do t\u00eb pranohen.<\/strong><\/p>\n\n\n\n<br>\n\n\n\n<p>Lexoni me kujdes <em><a href=\"https:\/\/eu4culture.al\/wp-content\/uploads\/2022\/02\/1.-EU4C_RECRAFT-THE-PAST_CFP-02-2022.pdf\" target=\"_blank\" rel=\"noreferrer noopener\"><strong>Udh\u00ebzuesin<\/strong><\/a><\/em> p\u00ebrpara se t\u00eb aplikoni.<\/p>\n\n\n\n<p><a id=\"_msocom_1\"><\/a><\/p>\n","protected":false},"excerpt":{"rendered":"<p>Aplikimet p\u00ebr Thirrjen e Par\u00eb p\u00ebr Propozime jan\u00eb mbyllur. Thirrja e Par\u00eb p\u00ebr Projekt-Propozime p\u00ebr Organizatat jo-Fitimprur\u00ebse(CFP 02-2022) Recraft the Past: Build up the Future \u2714\u00a0\u00a0\u00a0\u00a0\u00a0 A jeni organizat\u00eb e shoq\u00ebris\u00eb civile (OSHC) q\u00eb k\u00ebrkon nj\u00eb m\u00ebnyr\u00eb p\u00ebr t\u00eb ndihmuar komunitetet t\u00eb rilidhen me objektet kulturore t\u00eb Shqip\u00ebris\u00eb? \u2714\u00a0\u00a0\u00a0\u00a0\u00a0 Jeni nj\u00eb grup artizan\u00ebsh q\u00eb frym\u00ebzoheni [&hellip;]<\/p>\n","protected":false},"author":1,"featured_media":0,"parent":0,"menu_order":0,"comment_status":"closed","ping_status":"closed","template":"temp-call-for-proposal.php","meta":{"_acf_changed":false,"om_disable_all_campaigns":false,"_monsterinsights_skip_tracking":false,"_monsterinsights_sitenote_active":false,"_monsterinsights_sitenote_note":"","_monsterinsights_sitenote_category":0,"_uf_show_specific_survey":0,"_uf_disable_surveys":false,"footnotes":""},"class_list":["post-932","page","type-page","status-publish","hentry"],"acf":[],"aioseo_notices":[],"_links":{"self":[{"href":"https:\/\/eu4culture.al\/sq\/wp-json\/wp\/v2\/pages\/932","targetHints":{"allow":["GET"]}}],"collection":[{"href":"https:\/\/eu4culture.al\/sq\/wp-json\/wp\/v2\/pages"}],"about":[{"href":"https:\/\/eu4culture.al\/sq\/wp-json\/wp\/v2\/types\/page"}],"author":[{"embeddable":true,"href":"https:\/\/eu4culture.al\/sq\/wp-json\/wp\/v2\/users\/1"}],"replies":[{"embeddable":true,"href":"https:\/\/eu4culture.al\/sq\/wp-json\/wp\/v2\/comments?post=932"}],"version-history":[{"count":79,"href":"https:\/\/eu4culture.al\/sq\/wp-json\/wp\/v2\/pages\/932\/revisions"}],"predecessor-version":[{"id":4620,"href":"https:\/\/eu4culture.al\/sq\/wp-json\/wp\/v2\/pages\/932\/revisions\/4620"}],"wp:attachment":[{"href":"https:\/\/eu4culture.al\/sq\/wp-json\/wp\/v2\/media?parent=932"}],"curies":[{"name":"wp","href":"https:\/\/api.w.org\/{rel}","templated":true}]}}