{"id":927,"date":"2021-11-18T13:25:25","date_gmt":"2021-11-18T13:25:25","guid":{"rendered":"https:\/\/eu4culture.al\/rreth-nesh\/"},"modified":"2024-07-17T16:06:23","modified_gmt":"2024-07-17T16:06:23","slug":"rreth-nesh","status":"publish","type":"page","link":"https:\/\/eu4culture.al\/sq\/rreth-nesh\/","title":{"rendered":"Rreth Nesh"},"content":{"rendered":"\n<p>N\u00eb n\u00ebntor t\u00eb vitit 2019, Shqip\u00ebria u godit nga t\u00ebrmeti m\u00eb shkat\u00ebrrues n\u00eb 50 vitet e fundit. E vler\u00ebsuar me magnitud\u00eb 6.3 t\u00eb shkall\u00ebs Rihter, t\u00ebrmeti shkaktoi d\u00ebme t\u00eb m\u00ebdha n\u00eb 11 bashki. Programi EU4Culture financohet nga Bashkimi Evropian (BE) dhe zbatohet nga Zyra e Kombeve t\u00eb Bashkuara p\u00ebr Sh\u00ebrbimet e Projekteve (UNOPS) n\u00eb partneritet t\u00eb ngusht\u00eb me Ministrin\u00eb e Ekonomis\u00eb, Kultur\u00ebs dhe Inovacionit. Programi ka n\u00eb qend\u00ebr rinovimin dhe rijet\u00ebsimin e objekteve kryesore t\u00eb trash\u00ebgimis\u00eb kulturore t\u00eb d\u00ebmtuara nga t\u00ebrmeti dhe p\u00ebrfaq\u00ebson nj\u00eb nga programet m\u00eb t\u00eb m\u00ebdha t\u00eb trash\u00ebgimis\u00eb kulturore t\u00eb financuar nga Bashkimi Evropian me nj\u00eb buxhet total prej 40 milion\u00eb euro. <\/p>\n\n\n\n<p>I bazuar n\u00eb parimin \u201cRind\u00ebrtojm\u00eb m\u00eb mir\u00eb\u201d, \u201cEU4Culture\u201d p\u00ebrqendrohet n\u00eb rinovimin e objekteve kryesore t\u00eb trash\u00ebgimis\u00eb kulturore n\u00eb p\u00ebrputhje me Kuadrin e Kombeve t\u00eb Bashkuara p\u00ebr Reduktimin e Riskut nga Fatkeq\u00ebsit\u00eb. Paralelisht, programi synon t\u00eb rris\u00eb potencialin turistik t\u00eb Shqip\u00ebris\u00eb, duke kontribuar drejtp\u00ebrdrejt n\u00eb rim\u00ebk\u00ebmbjen social-ekonomike vendore dhe rajonale. P\u00ebr k\u00ebt\u00eb q\u00ebllim, v\u00ebmendje e ve\u00e7ant\u00eb i kushtohet teknologjis\u00eb novatore, duke p\u00ebrfshir\u00eb rr\u00ebfimin digjital dhe krijimin e produkteve multimediale t\u00eb dizajnuara p\u00ebr t\u00eb qen\u00eb t\u00eb aksesueshme nga t\u00eb gjith\u00eb. P\u00ebr m\u00eb tep\u00ebr, programi po mb\u00ebshtet sip\u00ebrmarrjen vendase, artizanatin dhe nismat kulturore q\u00eb zhvillohen rreth zonave t\u00eb p\u00ebrzgjedhura p\u00ebrmes shp\u00ebrndarjes s\u00eb granteve, duke ofruar nj\u00eb nxitje t\u00eb drejtp\u00ebrdrejt\u00eb p\u00ebr ekonomin\u00eb vendase.<\/p>\n","protected":false},"excerpt":{"rendered":"<p>N\u00eb n\u00ebntor t\u00eb vitit 2019, Shqip\u00ebria u godit nga t\u00ebrmeti m\u00eb shkat\u00ebrrues n\u00eb 50 vitet e fundit. E vler\u00ebsuar me magnitud\u00eb 6.3 t\u00eb shkall\u00ebs Rihter, t\u00ebrmeti shkaktoi d\u00ebme t\u00eb m\u00ebdha n\u00eb 11 bashki. Programi EU4Culture financohet nga Bashkimi Evropian (BE) dhe zbatohet nga Zyra e Kombeve t\u00eb Bashkuara p\u00ebr Sh\u00ebrbimet e Projekteve (UNOPS) n\u00eb partneritet [&hellip;]<\/p>\n","protected":false},"author":1,"featured_media":0,"parent":0,"menu_order":0,"comment_status":"closed","ping_status":"closed","template":"tmp-about.php","meta":{"_acf_changed":false,"om_disable_all_campaigns":false,"_monsterinsights_skip_tracking":false,"_monsterinsights_sitenote_active":false,"_monsterinsights_sitenote_note":"","_monsterinsights_sitenote_category":0,"_uf_show_specific_survey":0,"_uf_disable_surveys":false,"footnotes":""},"class_list":["post-927","page","type-page","status-publish","hentry"],"acf":[],"aioseo_notices":[],"_links":{"self":[{"href":"https:\/\/eu4culture.al\/sq\/wp-json\/wp\/v2\/pages\/927","targetHints":{"allow":["GET"]}}],"collection":[{"href":"https:\/\/eu4culture.al\/sq\/wp-json\/wp\/v2\/pages"}],"about":[{"href":"https:\/\/eu4culture.al\/sq\/wp-json\/wp\/v2\/types\/page"}],"author":[{"embeddable":true,"href":"https:\/\/eu4culture.al\/sq\/wp-json\/wp\/v2\/users\/1"}],"replies":[{"embeddable":true,"href":"https:\/\/eu4culture.al\/sq\/wp-json\/wp\/v2\/comments?post=927"}],"version-history":[{"count":5,"href":"https:\/\/eu4culture.al\/sq\/wp-json\/wp\/v2\/pages\/927\/revisions"}],"predecessor-version":[{"id":6393,"href":"https:\/\/eu4culture.al\/sq\/wp-json\/wp\/v2\/pages\/927\/revisions\/6393"}],"wp:attachment":[{"href":"https:\/\/eu4culture.al\/sq\/wp-json\/wp\/v2\/media?parent=927"}],"curies":[{"name":"wp","href":"https:\/\/api.w.org\/{rel}","templated":true}]}}