{"id":6806,"date":"2025-01-16T10:19:31","date_gmt":"2025-01-16T10:19:31","guid":{"rendered":"https:\/\/eu4culture.al\/?page_id=6806"},"modified":"2025-02-14T08:49:56","modified_gmt":"2025-02-14T08:49:56","slug":"projektet-e-granteve-thirrja-e-trete","status":"publish","type":"page","link":"https:\/\/eu4culture.al\/sq\/projektet-e-granteve-thirrja-e-trete\/","title":{"rendered":"Projektet e granteve &#8211; thirrja e tret\u00eb"},"content":{"rendered":"\n<p class=\"has-medium-font-size\">1. Projekti \u201c<strong>Marionetat e Trash\u00ebgimis\u00eb: Ringjallja e Tradit\u00ebs p\u00ebr nj\u00eb T\u00eb Ardhme t\u00eb Q\u00ebndrueshme dhe Fuqizimi i Rinis\u00eb p\u00ebrmes Edukimit mbi Trash\u00ebgimin\u00eb Kulturore\u201d<\/strong> synon ruajtjen dhe ringjalljen e marionetave tradicionale shqiptare si nj\u00eb mjet p\u00ebr forcimin e identitetit kulturor dhe zhvillimin e q\u00ebndruesh\u00ebm socio-ekonomik. Ai adreson munges\u00ebn e njohurive p\u00ebr r\u00ebnd\u00ebsin\u00eb artistike dhe historike t\u00eb k\u00ebtyre marionetave tek brezat e rinj, duke promovuar gjithashtu gjith\u00ebp\u00ebrfshirjen, q\u00ebndruesm\u00ebrin\u00eb mjedisore dhe modelet e ndjeshme ndaj gjinive. Projekti p\u00ebrfshin tri sesione trajnimesh dhe tri pun\u00ebtori n\u00eb shkolla fillore p\u00ebr t\u00eb m\u00ebsuar mbi trash\u00ebgimin\u00eb kulturore, folklorin dhe zanatet tradicionale, si dhe nj\u00eb aktivitet mbi tregimin e shistorive p\u00ebr t\u00eb angazhuar familjet dhe komunitetin. Nj\u00eb nga aktivitetet ky\u00e7e \u00ebsht\u00eb gjithashru ringjallja e nj\u00eb treimi t\u00eb vjet\u00ebr p\u00ebr f\u00ebmij\u00eb n\u00eb nj\u00eb shfaqje moderne me marioneta, e cila do t\u00eb shfaqet pas nj\u00eb vizite studimore n\u00eb Teatrin Komb\u00ebtar t\u00eb Kukullave. Nga ky projekt do t\u00eb p\u00ebrfitojn\u00eb nx\u00ebn\u00ebsit 6-12 vje\u00e7, m\u00ebsuesit, prind\u00ebrit dhe artist\u00ebt e rinj. Zbatuar nga <strong><a href=\"https:\/\/www.instagram.com\/heritage_marionettes_project\/\"><mark style=\"background-color:rgba(0, 0, 0, 0)\" class=\"has-inline-color has-vivid-cyan-blue-color\">Digital Future<\/mark><\/a> <\/strong>me nj\u00eb grant prej 45,101 USD (rreth 41,865.84 EUR), projekti do t\u00eb zgjas\u00eb rreth 10 muaj.<\/p>\n\n\n\n<p class=\"has-medium-font-size\">2. Projekti &#8220;<strong>Annex LABs<\/strong>&#8221; ka si q\u00ebllim rritjen e nd\u00ebrgjegj\u00ebsimit publik dhe institucional mbi rolin e trash\u00ebgimis\u00eb kulturore si nj\u00eb faktor ky\u00e7 n\u00eb zhvillimin socio-ekonomik t\u00eb q\u00ebndruesh\u00ebm. Projekti synon promovimin e modeleve t\u00eb aksesueshme e gjith\u00ebp\u00ebrfshir\u00ebse t\u00eb produkteve dhe sh\u00ebrbimeve kulturore. P\u00ebrmes nj\u00eb serie pun\u00ebtorish, guidat e turizmit kulturor dhe dizajner\u00ebt e pavarur do t\u00eb trajnohen p\u00ebr t\u00eb krijuar p\u00ebrvoja p\u00ebrfshir\u00ebse dhe t\u00eb qasshme p\u00ebr vizitor\u00ebt n\u00eb sitet kulturore t\u00eb programit EU4Culture. Projekti do t\u00eb zhvilloj\u00eb tri pun\u00ebtori dy-ditore, t\u00eb cilat do t\u00eb p\u00ebrqendrohen n\u00eb krijimin e nj\u00eb narrative t\u00eb aksesueshme p\u00ebr turizmin kulturor, prototipe t\u00eb dizajnit t\u00eb produkteve dhe p\u00ebrshkrime audio p\u00ebr individ\u00ebt me probleme t\u00eb shikimit. P\u00ebr m\u00eb tep\u00ebr, do t\u00eb krijohet nj\u00eb broshur\u00eb dygjuh\u00ebshe me p\u00ebrshkrime t\u00eb aksesueshme dhe nj\u00eb version audio p\u00ebr sitet e programit EU4Culture n\u00eb Tiran\u00eb, nd\u00ebrsa p\u00ebrshkrimet audio do t\u00eb prodhohen edhe p\u00ebr dy shfaqje teatrale n\u00eb Teatrin Komb\u00ebtar t\u00eb Kukullave p\u00ebr f\u00ebmij\u00ebt me aft\u00ebsi t\u00eb kufizuara n\u00eb shikim. Me financim nga programi i granteve EU4Culture n\u00eb shum\u00ebn 40,990 USD (af\u00ebrsisht 38,049.73 EUR), ky projekt 11-mujor, i zbatuar nga<strong><mark style=\"background-color:rgba(0, 0, 0, 0)\" class=\"has-inline-color has-vivid-cyan-blue-color\"> <\/mark><a href=\"https:\/\/unaalbania.org\/\"><mark style=\"background-color:rgba(0, 0, 0, 0)\" class=\"has-inline-color has-vivid-cyan-blue-color\">United Nations Associations Albania<\/mark><\/a><\/strong>, do t\u00eb kontribuoj\u00eb n\u00eb krijimin e nj\u00eb shoq\u00ebrie m\u00eb t\u00eb barabart\u00eb dhe gjith\u00ebp\u00ebrfshir\u00ebse, duke ofruar gjithashtu mund\u00ebsi t\u00eb reja pun\u00ebsimi p\u00ebr komunitetet lokale.<\/p>\n\n\n\n<p class=\"has-medium-font-size\">3. Projekti &#8220;<strong>EPIC &#8211; Fuqizimi i Rinis\u00eb dhe Prodhuesve Lokal\u00eb p\u00ebrmes Turizmit Kulturor<\/strong>&#8221; ka p\u00ebr q\u00ebllim rritjen e turizmit kulturor n\u00eb Kavaj\u00eb dhe Rrogozhin\u00eb.Duke u fokusuar n\u00eb sitet e programit EU4Culture, t\u00eb prekura nga t\u00ebrmeti i vitit 2019, si Kalaja e Bashtov\u00ebs dhe Muzeu Etnografik i Kavaj\u00ebs, projekti synon krijimin e produkteve turistike miq\u00ebsore me mjedisin, si\u00e7 jan\u00eb produktet ushqimore lokale dhe shtigjet turistike kulturore. Pjes\u00eb e projektit do t\u00eb jen\u00eb pun\u00ebtorit\u00eb dhe takime t\u00eb cilat do t\u00eb p\u00ebrfshijn\u00eb prodhuesit, bizneset dhe t\u00eb rinjt\u00eb, duke forcuar aft\u00ebsit\u00eb e tyre dhe hapur mund\u00ebsi t\u00eb reja n\u00eb sektorin turistik. Ky projekt 11-mujor, mb\u00ebshtetur nga granti i EU4Culture prej 42,730 USD (af\u00ebrsisht 39,662.25 EUR), i implementuar nga <a href=\"https:\/\/auleda.org.al\/new\/sq\/kreu\/\"><strong><mark style=\"background-color:rgba(0, 0, 0, 0)\" class=\"has-inline-color has-vivid-cyan-blue-color\">Auleda \u2013 Agjencia p\u00ebr Zhvillimin Ekonomik Lokal<\/mark><\/strong><\/a>, do t\u00eb kontribuoj\u00eb n\u00eb zhvillimin e q\u00ebndruesh\u00ebm t\u00eb turizmit kulturor dhe krijimin e mund\u00ebsive p\u00ebr grat\u00eb, t\u00eb rinjt\u00eb dhe bizneset lokale.<\/p>\n\n\n\n<p class=\"has-medium-font-size\">4. Projekti &#8220;<strong>Triada e Trash\u00ebgimis\u00eb s\u00eb Arbanonit: Kishat, Urat dhe Mrekullit\u00eb Natyror\u00eb t\u00eb Shqip\u00ebris\u00eb<\/strong>&#8221; ka si q\u00ebllim rritjen e nd\u00ebrgjegj\u00ebsimit mbi trash\u00ebgimin\u00eb kulturore dhe natyrore t\u00eb Shqip\u00ebris\u00eb, duke u fokusuar n\u00eb disa prej siteve t\u00eb trash\u00ebgimis\u00eb kulturore q\u00eb jan\u00eb mb\u00ebshtetur nga programi EU4Culture, si Kisha e Manastirit n\u00eb Rubik, Ura e Kur\u00e7ajt n\u00eb Kruj\u00eb dhe Kisha e Sh\u00ebn Antonit n\u00eb Kepin e Rodonit. P\u00ebrmes promovimit t\u00eb turizmit t\u00eb q\u00ebndruesh\u00ebm, projekti do t\u00eb nd\u00ebrthur\u00eb vlerat kulturore dhe natyrore, do t\u00eb p\u00ebrmir\u00ebsoj\u00eb p\u00ebrvoj\u00ebn e vizitor\u00ebve me hartat nd\u00ebrvepruese dhe multimedia, si dhe do t\u00eb ofroj\u00eb mjete edukative p\u00ebr student\u00ebt dhe profesionist\u00ebt e turizmit. Produktet kryesore t\u00eb projektit p\u00ebrfshijn\u00eb: nj\u00eb p\u00ebrmbledhje gjith\u00ebp\u00ebrfshir\u00ebse q\u00eb integron trash\u00ebgimin\u00eb kulturore dhe natyrore t\u00eb tre siteve, ekspedita edukative, nj\u00eb aktivitet kampingu p\u00ebr student\u00ebt, shtigje ecjeje t\u00eb shenjuara n\u00eb sitet e trash\u00ebgimis\u00eb, nj\u00eb mjet eksplorues interaktiv me multimedia &amp; hart\u00eb GIS, si dhe aktivitete promovuese p\u00ebr guidat turistike dhe komunitetet. Kjo iniciativ\u00eb do t\u00eb kontribuoj\u00eb gjithashtu n\u00eb ruajtjen e trash\u00ebgimis\u00eb s\u00eb pasur t\u00eb Shqip\u00ebris\u00eb. Zbatuar nga<strong><mark style=\"background-color:rgba(0, 0, 0, 0)\" class=\"has-inline-color has-vivid-cyan-blue-color\"> <\/mark><\/strong><a href=\"https:\/\/ww2.recshqiperi.org\/\"><strong><mark style=\"background-color:rgba(0, 0, 0, 0)\" class=\"has-inline-color has-vivid-cyan-blue-color\">Qendra Burimore e Mjedisit n\u00eb Shqip\u00ebri<\/mark><\/strong><\/a><mark style=\"background-color:rgba(0, 0, 0, 0)\" class=\"has-inline-color has-vivid-cyan-blue-color\">,<\/mark> projekti 11-mujor mb\u00ebshtetet nga nj\u00eb grant i programit EU4Culture n\u00eb shum\u00ebn prej 40,499 USD (af\u00ebrsisht 37,593.95 EUR).<\/p>\n\n\n\n<p class=\"has-medium-font-size\">5. Projekti <strong>&#8220;COOL Crafting \u2013 Krijimi i Mund\u00ebsive dhe Lidhjeve Optimale nd\u00ebrmjet Arteve t\u00eb Tradit\u00ebs dhe Turizmit n\u00eb Mirdit\u00eb&#8221;<\/strong> ka si q\u00ebllim t\u00eb rivitalizoj\u00eb prodhimin e artizanatit tradicional n\u00eb Mirdit\u00eb dhe forcoj\u00eb rolin e tij n\u00eb industrin\u00eb lokale t\u00eb turizmit. Duke mb\u00ebshtetur artizan\u00ebt lokal\u00eb dhe ofruar mund\u00ebsi praktike p\u00ebr grat\u00eb dhe t\u00eb rinjt\u00eb e papun\u00ebsur, iniciativa ka p\u00ebr q\u00ebllim t\u00eb nxis\u00eb rritjen ekonomike dhe ruajtjen e trash\u00ebgimis\u00eb kulturore. Aktivitetet p\u00ebrfshijn\u00eb zhvillimin e nj\u00eb vler\u00ebsimi t\u00eb nevojave p\u00ebr prodhuesit e artizanatit, krijimin e nj\u00eb programi mb\u00ebshtetjeje p\u00ebr bizneset, prodhimin e videove narrative p\u00ebr t\u00eb shfaqur prodhuesit e artizanatit tradicional t\u00eb Mirdit\u00ebs dhe leht\u00ebsimin e pjes\u00ebmarrjes n\u00eb panaire komb\u00ebtare e lokale t\u00eb artizanatit. Ky projekt do t\u00eb forcoj\u00eb lidhjen nd\u00ebrmjet artizanatit tradicional dhe turizmit, duke kontribuar n\u00eb zhvillimin socio-ekonomik t\u00eb rajonit. I zbatuar nga<a href=\"https:\/\/www.facebook.com\/help.org.al\/?locale=es_LA\"><strong><mark style=\"background-color:rgba(0, 0, 0, 0)\" class=\"has-inline-color has-vivid-cyan-blue-color\"> Help \u2013 Hilfe zur Selbsthilfe, zyra e Shqip\u00ebris\u00eb<\/mark><\/strong><\/a>, projekti 10-mujor mb\u00ebshtetet nga nj\u00eb grant i programit EU4Culture n\u00eb shum\u00ebn 49,845 USD (af\u00ebrsisht 46,266.44 EUR).<\/p>\n\n\n\n<p class=\"has-medium-font-size\">6.Projekti &#8220;<strong>Shijet e Pashlyeshme: Shijoni shijet dhe baladat e Kurbinit<\/strong>&#8221; ka si q\u00ebllim promovimin e turizmit t\u00eb q\u00ebndruesh\u00ebm n\u00eb Kurbin duke nxjerr\u00eb n\u00eb pah trash\u00ebgimin\u00eb e pasur kulinare, kulturore dhe natyrore t\u00eb k\u00ebtij rajoni. Iniciativa do t\u00eb fokusohet n\u00eb ruajtjen e recetave tradicionale, zhvillimin e aft\u00ebsive tek grat\u00eb dhe t\u00eb rinjt\u00eb, si dhe krijimin e mund\u00ebsive t\u00eb reja ekonomike n\u00eb sektor\u00ebt e turizmit dhe kulinaris\u00eb lokale. Aktivitetet kryesore p\u00ebrfshijn\u00eb pun\u00ebtori gatimi me n\u00ebnat dhe gjyshet lokale, trajnime kulinarie p\u00ebr teknikat moderne t\u00eb gatimit, krijimin e nj\u00eb libri recetash q\u00eb pasqyron trash\u00ebgimin\u00eb e rajonit, dhe zhvillimin e itinerar\u00ebve digjital\u00eb p\u00ebr t\u00eb shfaqur atraksionet natyrore dhe kulturore t\u00eb zon\u00ebs. Do t\u00eb organizohet gjithashtu nj\u00eb festival pranveror ushqimor, i cili do t\u00eb festoj\u00eb traditat e Kurbinit p\u00ebrmes ushqimit, muzik\u00ebs dhe vall\u00ebzimit. I zbatuar nga<a href=\"https:\/\/www.alcdf.org\/\"><strong> <mark style=\"background-color:rgba(0, 0, 0, 0)\" class=\"has-inline-color has-vivid-cyan-blue-color\">Fondacioni i Zhvillimit t\u00eb Kapaciteteve Lokale n\u00eb Shqip\u00ebri (ALCDF)<\/mark><\/strong><\/a>, projekti 11-mujor mb\u00ebshtetet nga nj\u00eb grant i programit EU4Culture n\u00eb shum\u00ebn 49,855 USD (af\u00ebrsisht 46,269.23 EUR).<\/p>\n\n\n\n<p class=\"has-medium-font-size\">7. Projekti &#8220;<strong>Kujtesa Historike Frym\u00ebzon Turizmin<\/strong>&#8221; ka si q\u00ebllim t\u00eb rris\u00eb promovimin e trash\u00ebgimis\u00eb kulturore n\u00eb Kruj\u00eb duke rritur numrin e vizitor\u00ebve dhe t\u00eb ardhurat p\u00ebr Muzeun Komb\u00ebtar dhe Muzeun Etnografik, duke siguruar mir\u00ebmbajtjen dhe q\u00ebndrueshm\u00ebrin\u00eb e tyre. Iniciativa fokusohet n\u00eb krijimin e produkteve autentike promovuese t\u00eb frym\u00ebzuara nga artefaktet etnografike, zhvillimin e aft\u00ebsive tek artizan\u00ebt dhe t\u00eb rinjt\u00eb, si dhe organizimin e aktiviteteve kulturore p\u00ebr t\u00eb t\u00ebrhequr turist\u00ebt dhe angazhuar komunitetin lokal. Aktivitetet kryesore p\u00ebrfshijn\u00eb: dizajnimin e punimeve artizanale tradicionale dhe bashk\u00ebkohore, demonstrime praktike n\u00eb Muzeun Etnografik, pun\u00ebtori nd\u00ebrvepruese p\u00ebr t\u00eb rinjt\u00eb dhe krijimin e nj\u00eb k\u00ebndi promovues n\u00eb muze. Projekti do t\u00eb organizoj\u00eb gjithashtu nj\u00eb Dit\u00eb t\u00eb Turizmit pran\u00eb muzeve t\u00eb Kruj\u00ebs, duke shfaqur artizanatin, muzik\u00ebn dhe vall\u00ebzimin. I implementuar nga<a href=\"https:\/\/ccp.al\/\"> <strong><mark style=\"background-color:rgba(0, 0, 0, 0)\" class=\"has-inline-color has-vivid-cyan-blue-color\">Qendra p\u00ebr Promovimin e Konkurrueshm\u00ebris\u00eb<\/mark><\/strong><\/a>, projekti 10-mujor mb\u00ebshtetet nga nj\u00eb grant i programit EU4Culture n\u00eb shum\u00ebn 45,048 USD (af\u00ebrsisht 41,822.56 EUR) dhe ka si q\u00ebllim p\u00ebrfitimin e artizan\u00ebve lokal\u00eb, t\u00eb rinjve dhe komunitetit m\u00eb t\u00eb gjer\u00eb t\u00eb Kurbinit, si dhe bizneseve n\u00eb zon\u00eb dhe agjencive turistike q\u00eb promovojn\u00eb turizmin kulturor.<\/p>\n\n\n\n<p class=\"has-medium-font-size\">8. Projekti \u201c<strong>SHPIRT\u00cbRIM &#8211; Ruajtja Spirituale dhe Historike p\u00ebrmes Rihapjes Interaktive dhe Eksperienc\u00ebs Taktilie t\u00eb Rip\u00ebrshkrimit t\u00eb Kujtimeve t\u00eb R\u00ebnd\u00ebsishme<\/strong>\u201d ka si q\u00ebllim t\u00eb rivitalizoj\u00eb ish-burgun dhe kampin e pun\u00ebs s\u00eb detyruar n\u00eb Spa\u00e7, nj\u00eb vend me r\u00ebnd\u00ebsi historike n\u00eb Mirdit\u00eb, duke e transformuar at\u00eb n\u00eb nj\u00eb qend\u00ebr edukimi dhe kujtese. Iniciativa do t\u00eb fokusohet n\u00eb ruajtjen e historis\u00eb s\u00eb ish-burgut p\u00ebrmes aktiviteteve krijuese dhe edukative, duke p\u00ebrfshir\u00eb nj\u00eb seri produktesh kreative, si: 41 maska t\u00eb ish-t\u00eb burgosurve, nj\u00eb film i animuar, podkaste, nj\u00eb ekspozit\u00eb arti vizual dhe diskutime publike t\u00eb hapura q\u00eb angazhojn\u00eb komunitetin n\u00eb biseda mbi historin\u00eb e burgut. P\u00ebrve\u00e7 k\u00ebsaj, do t\u00eb nxis\u00eb pjes\u00ebmarrjen e grupeve t\u00eb ndryshme t\u00eb komunitetit, ve\u00e7an\u00ebrisht t\u00eb rinjve dhe grave, n\u00eb pun\u00ebtori kulturore, duke rritur p\u00ebrfshirjen e tyre sociale dhe zhvillimin e aft\u00ebsive. Projekti do t\u00eb mb\u00ebshtes\u00eb gjithashtu artizan\u00ebt dhe pun\u00ebtor\u00ebt e artizanatit lokal p\u00ebrmes pun\u00ebtorive dhe bashk\u00ebpunimeve me bizneset turistike. I zbatuar nga <a href=\"https:\/\/tekbunkeri.eu\/\" title=\"\"><strong><mark style=\"background-color:rgba(0, 0, 0, 0)\" class=\"has-inline-color has-vivid-cyan-blue-color\">Tek Bunkeri<\/mark><\/strong><\/a>, projekti 11-mujor mb\u00ebshtetet nga nj\u00eb grant i programit EU4Culture n\u00eb shum\u00ebn 49,865 USD (af\u00ebrsisht 46,297.87 EUR).<\/p>\n\n\n\n<p class=\"has-medium-font-size\">9. Projekti<strong> &#8220;Trash\u00ebgimia Epidamnike: Lidhja e T\u00eb Kaluar\u00ebs dhe T\u00eb Ardhmes&#8221; <\/strong>ka si q\u00ebllim t\u00eb rris\u00eb nd\u00ebrgjegj\u00ebsimin p\u00ebr trash\u00ebgimin\u00eb e Durr\u00ebsit dhe t\u00eb promovoj\u00eb turizmin kulturor, duke u fokusuar n\u00eb site historike si Kulla Veneciane dhe Hamami. P\u00ebrmes sesioneve trajnuese, instalimit t\u00eb paneleve informuese p\u00ebrgjat\u00eb Shtiegut t\u00eb Dyerve t\u00eb Vjetra dhe organizimit t\u00eb aktiviteteve kulturore, kjo iniciativ\u00eb do t\u00eb angazhoj\u00eb si komunitetin lokal, ashtu edhe turist\u00ebt. Gjithashtu, materialet edukative dhe aktivitetet komunitare do t\u00eb ndihmojn\u00eb n\u00eb krijimin e nj\u00eb vler\u00ebsimi m\u00eb t\u00eb thell\u00eb p\u00ebr pasurin\u00eb kulturore t\u00eb Durr\u00ebsit. Nga ky projekt do t\u00eb p\u00ebrfitojn\u00eb kryesisht banor\u00ebt e Durr\u00ebsit, turist\u00ebt, student\u00ebt, profesionist\u00ebt e kultur\u00ebs dhe bizneset e turizmit n\u00eb zon\u00eb. I zbatuar nga Qendra <mark style=\"background-color:rgba(0, 0, 0, 0)\" class=\"has-inline-color has-vivid-cyan-blue-color\">&#8220;<\/mark><a href=\"https:\/\/www.instagram.com\/durresi_aktiv\/\"><strong><mark style=\"background-color:rgba(0, 0, 0, 0)\" class=\"has-inline-color has-vivid-cyan-blue-color\">DURRESI AKTIV<\/mark><\/strong><\/a><mark style=\"background-color:rgba(0, 0, 0, 0)\" class=\"has-inline-color has-vivid-cyan-blue-color\">&#8220;<\/mark>, projekti do t\u00eb realizohet p\u00ebr 11 muaj dhe mb\u00ebshtetet nga nj\u00eb grant i programit EU4Culture n\u00eb shum\u00ebn 37,663 USD (af\u00ebrsisht 34,961.38 EUR).<\/p>\n\n\n\n<p><\/p>\n","protected":false},"excerpt":{"rendered":"<p>1. Projekti \u201cMarionetat e Trash\u00ebgimis\u00eb: Ringjallja e Tradit\u00ebs p\u00ebr nj\u00eb T\u00eb Ardhme t\u00eb Q\u00ebndrueshme dhe Fuqizimi i Rinis\u00eb p\u00ebrmes Edukimit mbi Trash\u00ebgimin\u00eb Kulturore\u201d synon ruajtjen dhe ringjalljen e marionetave tradicionale shqiptare si nj\u00eb mjet p\u00ebr forcimin e identitetit kulturor dhe zhvillimin e q\u00ebndruesh\u00ebm socio-ekonomik. Ai adreson munges\u00ebn e njohurive p\u00ebr r\u00ebnd\u00ebsin\u00eb artistike dhe historike t\u00eb [&hellip;]<\/p>\n","protected":false},"author":1,"featured_media":0,"parent":0,"menu_order":0,"comment_status":"closed","ping_status":"closed","template":"","meta":{"_acf_changed":false,"om_disable_all_campaigns":false,"_monsterinsights_skip_tracking":false,"_monsterinsights_sitenote_active":false,"_monsterinsights_sitenote_note":"","_monsterinsights_sitenote_category":0,"_uf_show_specific_survey":0,"_uf_disable_surveys":false,"footnotes":""},"class_list":["post-6806","page","type-page","status-publish","hentry"],"acf":[],"aioseo_notices":[],"_links":{"self":[{"href":"https:\/\/eu4culture.al\/sq\/wp-json\/wp\/v2\/pages\/6806","targetHints":{"allow":["GET"]}}],"collection":[{"href":"https:\/\/eu4culture.al\/sq\/wp-json\/wp\/v2\/pages"}],"about":[{"href":"https:\/\/eu4culture.al\/sq\/wp-json\/wp\/v2\/types\/page"}],"author":[{"embeddable":true,"href":"https:\/\/eu4culture.al\/sq\/wp-json\/wp\/v2\/users\/1"}],"replies":[{"embeddable":true,"href":"https:\/\/eu4culture.al\/sq\/wp-json\/wp\/v2\/comments?post=6806"}],"version-history":[{"count":10,"href":"https:\/\/eu4culture.al\/sq\/wp-json\/wp\/v2\/pages\/6806\/revisions"}],"predecessor-version":[{"id":6990,"href":"https:\/\/eu4culture.al\/sq\/wp-json\/wp\/v2\/pages\/6806\/revisions\/6990"}],"wp:attachment":[{"href":"https:\/\/eu4culture.al\/sq\/wp-json\/wp\/v2\/media?parent=6806"}],"curies":[{"name":"wp","href":"https:\/\/api.w.org\/{rel}","templated":true}]}}