{"id":5857,"date":"2024-05-24T08:15:43","date_gmt":"2024-05-24T08:15:43","guid":{"rendered":"https:\/\/eu4culture.al\/?page_id=5857"},"modified":"2024-07-04T13:43:03","modified_gmt":"2024-07-04T13:43:03","slug":"thirrja-e-trete-per-propozime","status":"publish","type":"page","link":"https:\/\/eu4culture.al\/sq\/thirrja-e-trete-per-propozime\/","title":{"rendered":"Thirrja e tret\u00eb p\u00ebr propozime"},"content":{"rendered":"\n<div style=\"height:40px\" aria-hidden=\"true\" class=\"wp-block-spacer\"><\/div>\n\n\n\n<p class=\"has-text-align-center\">Aplikimet p\u00ebr Thirrjen e Tret\u00eb p\u00ebr Propozime jan\u00eb mbyllur<\/p>\n\n\n\n<div style=\"height:10px\" aria-hidden=\"true\" class=\"wp-block-spacer\"><\/div>\n\n\n\n<h3 class=\"wp-block-heading\"><strong>Thirrja e tret\u00eb publike p\u00ebr propozime p\u00ebr organizatat jofitimprur\u00ebse(ALB\/EC\/22644\/CFP 05-2024)<\/strong><\/h3>\n\n\n\n<div style=\"height:20px\" aria-hidden=\"true\" class=\"wp-block-spacer\"><\/div>\n\n\n\n<h4 class=\"wp-block-heading\" id=\"recraft-the-past-build-up-the-future\"><strong><em>Recraft the Past: Build up the Future 3<\/em><\/strong><\/h4>\n\n\n\n<div style=\"height:20px\" aria-hidden=\"true\" class=\"wp-block-spacer\"><\/div>\n\n\n\n<ol class=\"wp-block-list\">\n<li>A jeni nj\u00eb organizat\u00eb e shoq\u00ebris\u00eb civile (OSHC) q\u00eb p\u00ebrpiqeni t\u00eb gjeni m\u00ebnyra p\u00ebr t\u00eb ndihmuar komunitetet t\u00eb rivendosin lidhjet me monumentet kulturore t\u00eb Shqip\u00ebris\u00eb dhe t\u00eb zhvillojn\u00eb potencialin ekonomik q\u00eb buron nga trash\u00ebgimia kulturore?<\/li>\n\n\n\n<li>A jeni nj\u00eb OSHC q\u00eb po eksploron modele p\u00ebr t\u00eb promovuar turizmin kulturor q\u00eb buron nga potenciali i komunitetit dhe q\u00eb lidhet me monumentet e trash\u00ebgimis\u00eb kulturore pran\u00eb tyre?&nbsp;&nbsp;<\/li>\n\n\n\n<li>A jeni nj\u00eb grup artizan\u00ebsh t\u00eb frym\u00ebzuar nga trash\u00ebgimia kulturore, e q\u00eb punoni p\u00ebr t\u00eb pasuruar dhe p\u00ebrmir\u00ebsuar produktet dhe sh\u00ebrbimet artizanale?<\/li>\n\n\n\n<li>A keni ide krijuese p\u00ebr konceptimin dhe zbatimin e eventeve kulturore t\u00eb lidhura me sitet e trash\u00ebgimis\u00eb kulturore dhe q\u00eb p\u00ebrfshijn\u00eb komunitete dhe vizitor\u00eb?&nbsp;&nbsp;&nbsp;&nbsp;&nbsp;<\/li>\n\n\n\n<li>Si operator turistik, a jan\u00eb klient\u00ebt tuaj t\u00eb interesuar t\u00eb zbulojn\u00eb trash\u00ebgimin\u00eb kulturore t\u00eb Shqip\u00ebris\u00eb?<\/li>\n\n\n\n<li>Si qend\u00ebr e inovacionit t\u00eb kultur\u00ebs, biznesit apo turizmit, a promovoni krijimtarin\u00eb apo nxisni risit\u00eb p\u00ebrmes trash\u00ebgimis\u00eb kulturore?<\/li>\n\n\n\n<li>Si OSHC a synoni t\u00eb rrisni angazhimin e t\u00eb rinjve, grave apo komunitetit n\u00eb jet\u00ebn kulturore, n\u00eb territoret e prekura nga t\u00ebrmeti i n\u00ebntorit 2019?<\/li>\n<\/ol>\n\n\n\n<p>N\u00ebse p\u00ebrgjigjja juaj \u00ebsht\u00eb <strong>Po,<\/strong> kjo mund\u00ebsi \u00ebsht\u00eb p\u00ebr ju.<\/p>\n\n\n\n<p>N\u00eb kuad\u00ebr t\u00eb <strong>Recraft the Past: Build up the Future 3<\/strong>, EU4Culture fton organizatat jofitimprur\u00ebse n\u00eb bashkit\u00eb e <strong>Durr\u00ebsit, Kavaj\u00ebs, Kruj\u00ebs, Kurbinit, Lezh\u00ebs, Mirdit\u00ebs, Rrogozhin\u00ebs dhe Tiran\u00ebs<\/strong> t\u00eb paraqesin propozimet e tyre p\u00ebr financimin e projekteve q\u00eb mb\u00ebshtesin komunitetet q\u00eb jetojn\u00eb n\u00eb zonat p\u00ebrreth siteve t\u00eb trash\u00ebgimis\u00eb kulturore t\u00eb prekura nga t\u00ebrmeti i n\u00ebntorit 2019.<\/p>\n\n\n\n<p>Q\u00ebllimi i p\u00ebrgjithsh\u00ebm i Thirrjes \u00ebsht\u00eb t\u00eb nxis\u00eb mund\u00ebsit\u00eb social-ekonomike dhe ato kulturore p\u00ebr komunitetet vendore rreth e qark siteve t\u00eb trash\u00ebgimis\u00eb kulturore p\u00ebrmes projekteve q\u00eb sjellin zhvillim social-ekonomik.&nbsp;<\/p>\n\n\n\n<p>Temat kryesore t\u00eb Thirrjes p\u00ebr Propozime<strong> Recraft the Past: Build Up the Future 3 <\/strong>jan\u00eb:&nbsp;<\/p>\n\n\n\n<ol class=\"wp-block-list\">\n<li>Mb\u00ebshtetja e zhvillimit t\u00eb produkteve turistike t\u00eb frym\u00ebzuara nga Trash\u00ebgimia Kulturore rreth siteve t\u00eb nd\u00ebrhyrjes s\u00eb EU4Culture, q\u00eb zhvillojn\u00eb dhe rrisin cil\u00ebsin\u00eb e t\u00eb mirave\/sh\u00ebrbimeve kulturore vendore dhe zgjerojn\u00eb kapacitetet dhe mund\u00ebsit\u00eb e artizan\u00ebve si dhe t\u00eb operator\u00ebve t\u00eb tjer\u00eb t\u00eb sektorit kulturor e krijues.<\/li>\n\n\n\n<li>Nd\u00ebrgjegj\u00ebsimi dhe edukimi p\u00ebrmes kultur\u00ebs. Evente, aktivitete apo produktet e frym\u00ebzuara nga sitet e nd\u00ebrhyrjes s\u00eb EU4Culture t\u00eb projektuara dhe zbatuara n\u00eb bashk\u00ebpunim me operator\u00eb t\u00eb sektorit kulturor e krijues, komunitetet vendore dhe institucionet publike q\u00eb lidhen me trash\u00ebgimin\u00eb kulturore.<\/li>\n<\/ol>\n\n\n\n<p><em>OSHC-t<\/em>\u00eb priten t\u00eb adresojn\u00eb k\u00ebto tema nd\u00ebrsektoriale gjat\u00eb hartimit t\u00eb projekt propozimeve<em>:&nbsp;<\/em><\/p>\n\n\n\n<ol class=\"wp-block-list\">\n<li><em>P\u00ebrfshirja&nbsp; e komuniteteve q\u00eb rrethojn\u00eb sitet e EU4Culture n\u00eb identifikimin, krijimin e mund\u00ebsive dhe rritjen e pun\u00ebsimit q\u00eb vjen nga zhvillimi i q\u00ebndruesh\u00ebm i trash\u00ebgimis\u00eb kulturore.&nbsp;<\/em><\/li>\n\n\n\n<li><em>Promovimin e siteve t\u00eb EUCulture n\u00eb forma t\u00eb p\u00ebrkushtuara dhe krijuese.<\/em><\/li>\n\n\n\n<li><em>Integrimi i aktiviteteve t\u00eb cilat synojn\u00eb Barazin\u00eb Gjinore dhe P\u00ebrfshirjen Sociale, p\u00ebrfshir\u00eb qasj\u00ebn p\u00ebr grat\u00eb, p\u00ebrfshirjen e t\u00eb rinjve, p\u00ebrfshirjen e pakicave, etj.<\/em><\/li>\n\n\n\n<li><em>Nj\u00eb qasje e q\u00ebndrueshme dhe miq\u00ebsore me mjedisin n\u00eb t\u00eb gjitha aktivitetet e propozuara.<\/em><\/li>\n\n\n\n<li><em>V\u00ebmendje ndaj ndikimit afatgjat\u00eb t\u00eb aktiviteteve t\u00eb projektit.&nbsp;<\/em><\/li>\n\n\n\n<li><em>Krijimi i mund\u00ebsive dhe nxitja e bashk\u00ebpunimit dhe sinergjive nd\u00ebrmjet aktor\u00ebve t\u00eb ndrysh\u00ebm qendror\u00eb dhe vendor\u00eb p\u00ebr trash\u00ebgimin\u00eb kulturore.<\/em><\/li>\n<\/ol>\n\n\n\n<p><em>P\u00ebr nj\u00eb list\u00eb aktivitetesh t\u00eb lejueshme, ju lutemi referojuni seksionit 1.6 t\u00eb Thirrjes p\u00ebr Propozime.<\/em><\/p>\n\n\n\n<p><strong>Grantet:<\/strong><\/p>\n\n\n\n<p>Grantet q\u00eb do t\u00eb jepen do t\u00eb jen\u00eb <strong>deri n\u00eb mas\u00ebn 50,000 USD<\/strong> me nj\u00eb koh\u00ebzgjatje t\u00eb pritshme t\u00eb projekteve <strong>deri n\u00eb 11 muaj<\/strong>.<\/p>\n\n\n\n<p><strong><u><strong>Kriteret p\u00ebr pjes\u00ebmarrje n\u00eb Thirrjen p\u00ebr Propozime:<\/strong><\/u><\/strong><\/p>\n\n\n\n<p><strong><em>T\u00eb gjitha organizatat jofitimprur\u00ebse t\u00eb themeluara p\u00ebrpara dat\u00ebs 1 janar 2023 dhe t\u00eb regjistruara n\u00eb p\u00ebrputhje me ligjet n\u00eb fuqi n\u00eb Republik\u00ebn e Shqip\u00ebris\u00eb kan\u00eb t\u00eb drejt\u00eb t\u00eb aplikojn\u00eb.<\/em><\/strong><\/p>\n\n\n\n<p><strong>K\u00ebto p\u00ebrfshijn\u00eb, por nuk kufizohen vet\u00ebm te:<\/strong><\/p>\n\n\n\n<p><strong>&nbsp;&nbsp;\u2714 Organizatat joqeveritare (OJQ-t\u00eb);<\/strong><\/p>\n\n\n\n<p><strong>&nbsp;&nbsp;&nbsp;\u2714 Fondacionet;<\/strong><\/p>\n\n\n\n<p><strong>&nbsp;&nbsp;&nbsp;\u2714 Organizatat e shoq\u00ebris\u00eb civile (OSHC-t\u00eb);<\/strong><\/p>\n\n\n\n<p><strong>&nbsp;&nbsp;&nbsp;\u2714 <\/strong><strong>Organizatat me baz\u00eb komunitare;<\/strong><\/p>\n\n\n\n<p><strong>&nbsp;&nbsp;&nbsp;\u2714 Shoqatat (t\u00eb artizan\u00ebve, operator\u00ebve turistik\u00eb etj);<\/strong><\/p>\n\n\n\n<p><strong>&nbsp;&nbsp;&nbsp;\u2714 Institutet K\u00ebrkimore, Qendrat Akademike dhe grupet e mendimit;<\/strong><\/p>\n\n\n\n<p><strong>&nbsp;&nbsp;&nbsp;\u2714 Agjencit\u00eb e Zhvillimit Rajonal dhe\/ose Lokal.<\/strong><\/p>\n\n\n\n<hr class=\"wp-block-separator has-css-opacity\"\/>\n\n\n\n<div class=\"wp-block-group\"><div class=\"wp-block-group__inner-container is-layout-flow wp-block-group-is-layout-flow\">\n<div class=\"default-button\">Procedurat e Aplikimit:<\/div>\n<\/div><\/div>\n\n\n\n<div style=\"height:20px\" aria-hidden=\"true\" class=\"wp-block-spacer\"><\/div>\n\n\n\n<p>Periudha e aplikimit \u00ebsht\u00eb e hapur nga data <strong>24 maj 2024 deri m\u00eb 30 qershor<\/strong> <strong>2024.<\/strong> Seti i aplikimit (dokumentacioni i k\u00ebrkuar i renditur m\u00eb posht\u00eb) duhet t\u00eb dor\u00ebzohet n\u00eb m\u00ebnyr\u00eb elektronike n\u00eb zyr\u00ebn e UNOPS-it n\u00eb Tiran\u00eb n\u00eb adres\u00ebn <a href=\"mailto:grants.albania@unops.org\"><strong>grants.albania@unops.org<\/strong><\/a><strong>.<\/strong><\/p>\n\n\n\n<p><em>*Do t\u00eb pranohen vet\u00ebm aplikimet e dor\u00ebzuara n\u00eb gjuh\u00ebn angleze.<\/em><\/p>\n\n\n\n<br>\n\n\n\n<p class=\"has-text-color has-link-color wp-elements-df8c5ba08defc1713498463dab4dea51\" style=\"color:#0e2655\">Lexoni <em><strong><a href=\"https:\/\/eu4culture.al\/wp-content\/uploads\/2024\/05\/01-Call-for-Proposals-CFP3-05-2024_FINAL.pdf\" target=\"_blank\" rel=\"noreferrer noopener\"><strong><em>Udh\u00ebzimet<\/em><\/strong><\/a><\/strong><\/em> dhe <strong><a href=\"https:\/\/eu4culture.al\/wp-content\/uploads\/2024\/05\/Instructions-to-Applicants-CFP-05-2024_FINAL.pdf\" target=\"_blank\" rel=\"noreferrer noopener\"><em><strong><em>Instruksionet p\u00ebr Aplikant\u00ebt<\/em><\/strong><\/em><\/a><\/strong> p\u00ebrpara se t\u00eb aplikoni!<\/p>\n","protected":false},"excerpt":{"rendered":"<p>Aplikimet p\u00ebr Thirrjen e Tret\u00eb p\u00ebr Propozime jan\u00eb mbyllur Thirrja e tret\u00eb publike p\u00ebr propozime p\u00ebr organizatat jofitimprur\u00ebse(ALB\/EC\/22644\/CFP 05-2024) Recraft the Past: Build up the Future 3 N\u00ebse p\u00ebrgjigjja juaj \u00ebsht\u00eb Po, kjo mund\u00ebsi \u00ebsht\u00eb p\u00ebr ju. N\u00eb kuad\u00ebr t\u00eb Recraft the Past: Build up the Future 3, EU4Culture fton organizatat jofitimprur\u00ebse n\u00eb bashkit\u00eb e [&hellip;]<\/p>\n","protected":false},"author":1,"featured_media":0,"parent":0,"menu_order":0,"comment_status":"closed","ping_status":"closed","template":"recraft-the-past-proposal-3.php","meta":{"_acf_changed":false,"om_disable_all_campaigns":false,"_monsterinsights_skip_tracking":false,"_monsterinsights_sitenote_active":false,"_monsterinsights_sitenote_note":"","_monsterinsights_sitenote_category":0,"_uf_show_specific_survey":0,"_uf_disable_surveys":false,"footnotes":""},"class_list":["post-5857","page","type-page","status-publish","hentry"],"acf":[],"aioseo_notices":[],"_links":{"self":[{"href":"https:\/\/eu4culture.al\/sq\/wp-json\/wp\/v2\/pages\/5857","targetHints":{"allow":["GET"]}}],"collection":[{"href":"https:\/\/eu4culture.al\/sq\/wp-json\/wp\/v2\/pages"}],"about":[{"href":"https:\/\/eu4culture.al\/sq\/wp-json\/wp\/v2\/types\/page"}],"author":[{"embeddable":true,"href":"https:\/\/eu4culture.al\/sq\/wp-json\/wp\/v2\/users\/1"}],"replies":[{"embeddable":true,"href":"https:\/\/eu4culture.al\/sq\/wp-json\/wp\/v2\/comments?post=5857"}],"version-history":[{"count":26,"href":"https:\/\/eu4culture.al\/sq\/wp-json\/wp\/v2\/pages\/5857\/revisions"}],"predecessor-version":[{"id":6338,"href":"https:\/\/eu4culture.al\/sq\/wp-json\/wp\/v2\/pages\/5857\/revisions\/6338"}],"wp:attachment":[{"href":"https:\/\/eu4culture.al\/sq\/wp-json\/wp\/v2\/media?parent=5857"}],"curies":[{"name":"wp","href":"https:\/\/api.w.org\/{rel}","templated":true}]}}