{"id":3007,"date":"2022-09-19T07:11:40","date_gmt":"2022-09-19T07:11:40","guid":{"rendered":"https:\/\/eu4culture.al\/recraft-the-past-build-up-the-future-2\/"},"modified":"2023-07-31T10:37:23","modified_gmt":"2023-07-31T10:37:23","slug":"thirrja-e-dyte-per-propozime-2","status":"publish","type":"page","link":"https:\/\/eu4culture.al\/sq\/thirrja-e-dyte-per-propozime-2\/","title":{"rendered":"Thirrja e dyt\u00eb p\u00ebr propozime"},"content":{"rendered":"\n<br>\n\n\n\n<br><br>\n\n\n\n<p><\/p>\n\n\n\n<h3 class=\"wp-block-heading\" id=\"1st-public-call-for-proposals-for-non-for-profit-organisations-cfp-02-2022\"><strong>Thirrja e 2-t\u00eb publike p\u00ebr propozime p\u00ebr Organizatat Jo-fitimprur\u00ebse<br>(CFP 10-2022)<\/strong><\/h3>\n\n\n\n<p><\/p>\n\n\n\n<h4 class=\"wp-block-heading\" id=\"recraft-the-past-build-up-the-future\"><strong><em>Recraft the Past: Build up the Future<\/em><\/strong><em> <strong>2<\/strong><\/em><\/h4>\n\n\n\n<p><\/p>\n\n\n\n<ul class=\"wp-block-list\">\n<li> A jeni nj\u00eb organizat\u00eb e shoq\u00ebris\u00eb civile (OSHC) q\u00eb k\u00ebrkon nj\u00eb m\u00ebnyr\u00eb p\u00ebr t\u00eb ndihmuar komunitetet t\u00eb lidhen me monumentet kulturore t\u00eb Shqip\u00ebris\u00eb?<\/li>\n\n\n\n<li> Jeni nj\u00eb grup artizan\u00ebsh q\u00eb frym\u00ebzohen nga monumentet e trash\u00ebgimis\u00eb kulturore pran\u00eb jush dhe d\u00ebshironi t\u00eb keni nj\u00eb mund\u00ebsi p\u00ebr t&#8217;u p\u00ebrfshir\u00eb n\u00eb restaurimin e artifakteve?<\/li>\n\n\n\n<li> Si operator turistik, a jan\u00eb klient\u00ebt tuaj t\u00eb interesuar t\u00eb eksplorojn\u00eb shtigjet e trash\u00ebgimis\u00eb kulturore t\u00eb Shqip\u00ebris\u00eb?<\/li>\n\n\n\n<li> Si qend\u00ebr e inovacionit t\u00eb kultur\u00ebs, biznesit ose turizmit, a po promovoni krijimtarin\u00eb dhe nxitni inovacionin p\u00ebrmes trash\u00ebgimis\u00eb kulturore?<\/li>\n\n\n\n<li>A jeni nje organizat\u00eb rinore e interesuar t\u00eb aktivizoj\u00eb jet\u00ebn kulturore t\u00eb t\u00eb rinjve n\u00eb territoret e prekura nga t\u00ebrmeti i n\u00ebntorit 2019?<\/li>\n<\/ul>\n\n\n\n<p><\/p>\n\n\n\n<p>N\u00ebse p\u00ebrgjigjja \u00ebsht\u00eb <strong>Po<\/strong>, kjo mund\u00ebsi \u00ebsht\u00eb p\u00ebr ju<\/p>\n\n\n\n<p><\/p>\n\n\n\n<p><\/p>\n\n\n\n<p>N\u00eb kuad\u00ebr t\u00eb thirrjes publike <strong>RECRAFT THE PAST: Build up the Future 2<\/strong>, EU4Culture fton organizatat jo-fitimprur\u00ebse n\u00eb bashkit\u00eb e <strong>Tiran\u00ebs,&nbsp; Mirdit\u00ebs, Durr\u00ebsit, Kruj\u00ebs, Kavaj\u00ebs, dhe Rrogozhin\u00ebs<\/strong> t\u00eb paraqesin propozimet e tyre p\u00ebr financimin e projekteve q\u00eb mb\u00ebshtesin komunitetet q\u00eb jetojn\u00eb n\u00eb zonat p\u00ebrreth objekteve t\u00eb trash\u00ebgimis\u00eb kulturore t\u00eb prekura nga t\u00ebrmeti i n\u00ebntorit 2019.&nbsp;<\/p>\n\n\n\n<p>Q\u00ebllimi i p\u00ebrgjithsh\u00ebm i Thirrjes \u00ebsht\u00eb t\u00eb nxis\u00eb mund\u00ebsit\u00eb p\u00ebr komunitetet vendore p\u00ebr t&#8217;u angazhuar me objektet e trash\u00ebgimis\u00eb kulturore p\u00ebrmes aktiviteteve q\u00eb sjellin zhvillim socio-ekonomik.<\/p>\n\n\n\n<p>Projektet e financuara nga<strong> RECRAFT THE PAST: Build Up the Future 2 <\/strong>duhet t\u00eb lidhen me:<\/p>\n\n\n\n<ul class=\"wp-block-list\">\n<li> Ruajtjen dhe restaurimin e artefakteve dhe rigjall\u00ebrimin e zejeve t\u00eb vjetra;<\/li>\n\n\n\n<li>Nxitja e m\u00ebnyrave t\u00eb reja dhe inovative t\u00eb krijimit t\u00eb zejeve q\u00eb frym\u00ebzohen nga trash\u00ebgimia kulturore e Shqip\u00ebris\u00eb n\u00eb territoret e prekura;<\/li>\n\n\n\n<li> Mb\u00ebshtetje p\u00ebr sip\u00ebrmarrjen e turizmit kulturor,<\/li>\n\n\n\n<li> Zhvillimi i produkteve dixhitale dhe aktiviteteve inovative kulturore dhe krijuese.<\/li>\n<\/ul>\n\n\n\n<p><\/p>\n\n\n\n<p><strong><u>Financimi:<\/u><\/strong><\/p>\n\n\n\n<p>Grantet do t\u00eb jepen p\u00ebrmes dy kornizave financimi: <strong>Korniza Kryesore e Financimit <\/strong>dhe<strong> Korniza e Financimit e Dedikuar per Organizatat Rinore<\/strong>.<\/p>\n\n\n\n<p>Grantet e dh\u00ebna sipas <strong>Korniz\u00ebs Kryesore t\u00eb Financimit<\/strong> do t\u00eb variojn\u00eb nd\u00ebrmjet 30,000 USD \u2013 50,000 USD me nj\u00eb koh\u00ebzgjatje t\u00eb pritshme t\u00eb zbatimit t\u00eb projekteve nga 6-12 muaj.<\/p>\n\n\n\n<p>Grantet e dh\u00ebna n\u00eb kuad\u00ebr t\u00eb<strong> Korniz\u00ebs s\u00eb Dedikuar t\u00eb Financimit p\u00ebr Organizatat Rinore <\/strong>do t\u00eb variojn\u00eb nd\u00ebrmjet 10,000 \u2013 20,000 USD me nj\u00eb koh\u00ebzgjatje t\u00eb pritshme t\u00eb zbatimit t\u00eb projekteve nga 3-6 muaj.<\/p>\n\n\n\n<p>Pavar\u00ebsisht korniz\u00ebs s\u00eb financimit, fillimi i zbatimit do t\u00eb jet\u00eb p\u00ebraf\u00ebrsisht fillimi i vitit 2023.<\/p>\n\n\n\n<p><strong><u>Kriteret p\u00ebr pjes\u00ebmarrjen n\u00eb program:<\/u><\/strong><\/p>\n\n\n\n<p><strong>Vet\u00ebm subjektet e regjistruara si<em> organizata jo-fitimiprur\u00ebse,<\/em> n\u00eb p\u00ebrputhje me ligjet n\u00eb fuqi t\u00eb Republik\u00ebs s\u00eb Shqip\u00ebris\u00eb, pranohen t\u00eb aplikojn\u00eb.<\/strong><\/p>\n\n\n\n<p><strong>K\u00ebto subjekte p\u00ebrfshijn\u00eb, organizata ose shoqata q\u00eb operojn\u00eb n\u00eb Sektor\u00ebt e Kultur\u00ebs dhe Krijimtaris\u00eb si dhe OJQ t\u00eb tjera jo-fitimprur\u00ebse si :<\/strong><\/p>\n\n\n\n<p><strong>&nbsp; \u2714 Organizatat e shoq\u00ebris\u00eb civile (OSHC-t\u00eb)<\/strong><\/p>\n\n\n\n<p><strong>&nbsp; \u2714 Shoqatat e artizan\u00ebve<\/strong><\/p>\n\n\n\n<p><strong>&nbsp; \u2714 Shoqatat e operator\u00ebve turistik\u00eb<\/strong><\/p>\n\n\n\n<p><strong>&nbsp; \u2714 Shoqatat e biznesit<\/strong><\/p>\n\n\n\n<p><strong>&nbsp; \u2714 Organizatat e biznesit social<\/strong><\/p>\n\n\n\n<p class=\"has-text-align-left\"><strong>&nbsp; \u2714 Qendrat dhe laborator\u00ebt e inovacionit t\u00eb kultur\u00ebs, biznesit dhe turizmit (vet\u00ebm kur regjistrohen si jo-fitimprur\u00ebse),<\/strong><\/p>\n\n\n\n<p><strong>&nbsp; \u2714 Institutet K\u00ebrkimore dhe Qendrat Akademike (vet\u00ebm kur regjistrohen si jo-fitimprur\u00ebse).<\/strong><\/p>\n\n\n\n<hr class=\"wp-block-separator has-css-opacity\"\/>\n\n\n\n<div class=\"wp-block-group\"><div class=\"wp-block-group__inner-container is-layout-flow wp-block-group-is-layout-flow\">\n<div class=\"default-button\">\n<p><strong>Procedurat e aplikimit:<\/strong><\/p>\n<\/div>\n<\/div><\/div>\n\n\n\n<p><\/p>\n\n\n\n<p>Periudha e aplikimit \u00ebsht\u00eb e hapur nga data <strong>12 tetor 2022 deri m\u00eb 15 n\u00ebntor 2022<\/strong>. Projekt propozimet (dokumentacioni i k\u00ebrkuar i renditur m\u00eb posht\u00eb) duhet t\u00eb dor\u00ebzohen n\u00eb m\u00ebnyr\u00eb elektronike n\u00eb zyr\u00ebn e UNOPS-it n\u00eb Tiran\u00eb n\u00eb adres\u00ebn <strong><a href=\"mailto:grants.albania@unops.org\">grants.albania@unops.org<\/a>. <\/strong><\/p>\n\n\n\n<p><em>*Vet\u00ebm aplikimet e dor\u00ebzuara n\u00eb gjuh\u00ebn angleze do t\u00eb pranohen.<\/em><\/p>\n\n\n\n<br>\n\n\n\n<p>Lexoni<a href=\"https:\/\/eu4culture.al\/wp-content\/uploads\/2022\/10\/1.-EU4C_RECRAFT-THE-PAST_2_CFP-10-2022.docx.pdf\" target=\"_blank\" rel=\"noreferrer noopener\"> <strong><u>Udh\u00ebzimet<\/u><\/strong> <\/a>para aplikimit!<\/p>\n\n\n\n<p><\/p>\n\n\n\n<p><\/p>\n","protected":false},"excerpt":{"rendered":"<p>Thirrja e 2-t\u00eb publike p\u00ebr propozime p\u00ebr Organizatat Jo-fitimprur\u00ebse(CFP 10-2022) Recraft the Past: Build up the Future 2 N\u00ebse p\u00ebrgjigjja \u00ebsht\u00eb Po, kjo mund\u00ebsi \u00ebsht\u00eb p\u00ebr ju N\u00eb kuad\u00ebr t\u00eb thirrjes publike RECRAFT THE PAST: Build up the Future 2, EU4Culture fton organizatat jo-fitimprur\u00ebse n\u00eb bashkit\u00eb e Tiran\u00ebs,&nbsp; Mirdit\u00ebs, Durr\u00ebsit, Kruj\u00ebs, Kavaj\u00ebs, dhe Rrogozhin\u00ebs t\u00eb [&hellip;]<\/p>\n","protected":false},"author":1,"featured_media":0,"parent":0,"menu_order":0,"comment_status":"closed","ping_status":"closed","template":"temp-call-for-proposal2.php","meta":{"_acf_changed":false,"om_disable_all_campaigns":false,"_monsterinsights_skip_tracking":false,"_monsterinsights_sitenote_active":false,"_monsterinsights_sitenote_note":"","_monsterinsights_sitenote_category":0,"_uf_show_specific_survey":0,"_uf_disable_surveys":false,"footnotes":""},"class_list":["post-3007","page","type-page","status-publish","hentry"],"acf":[],"aioseo_notices":[],"_links":{"self":[{"href":"https:\/\/eu4culture.al\/sq\/wp-json\/wp\/v2\/pages\/3007","targetHints":{"allow":["GET"]}}],"collection":[{"href":"https:\/\/eu4culture.al\/sq\/wp-json\/wp\/v2\/pages"}],"about":[{"href":"https:\/\/eu4culture.al\/sq\/wp-json\/wp\/v2\/types\/page"}],"author":[{"embeddable":true,"href":"https:\/\/eu4culture.al\/sq\/wp-json\/wp\/v2\/users\/1"}],"replies":[{"embeddable":true,"href":"https:\/\/eu4culture.al\/sq\/wp-json\/wp\/v2\/comments?post=3007"}],"version-history":[{"count":22,"href":"https:\/\/eu4culture.al\/sq\/wp-json\/wp\/v2\/pages\/3007\/revisions"}],"predecessor-version":[{"id":4615,"href":"https:\/\/eu4culture.al\/sq\/wp-json\/wp\/v2\/pages\/3007\/revisions\/4615"}],"wp:attachment":[{"href":"https:\/\/eu4culture.al\/sq\/wp-json\/wp\/v2\/media?parent=3007"}],"curies":[{"name":"wp","href":"https:\/\/api.w.org\/{rel}","templated":true}]}}